
{"id":149,"date":"2020-05-12T20:03:34","date_gmt":"2020-05-12T18:03:34","guid":{"rendered":"https:\/\/www.drivewein.at\/home\/?page_id=149"},"modified":"2020-05-12T23:33:39","modified_gmt":"2020-05-12T21:33:39","slug":"impressum","status":"publish","type":"page","link":"https:\/\/www.drivewein.at\/home\/impressum\/","title":{"rendered":"Impressum"},"content":{"rendered":"\n<p>Weinbau Schmid<br>Unterthern 24<br>A-3701 Heldenberg\/Weinviertel<\/p>\n\n\n\n<p>Landwirtschaft und Weinbau<\/p>\n\n\n\n<p>Tel\/Fax: +43-664-9978709<br>e-mail: weinbau.schmid@gmx.at<\/p>\n\n\n\n<p>Betriebsnummer: 1774123<br>Landwirtschaftskammer der Landes Nieder\u00f6sterreich<br>Der Betrieb wird \u00fcber die AMA (Agrarmarkt Austria) kontrolliert<\/p>\n\n\n\n<p>Inhaber: Rainer Schmid<br>Weinbau- und Kellermeister<\/p>\n\n\n\n<p>Meisterbetrieb, Meisterpr\u00fcfung abgelegt in \u00d6sterreich<\/p>\n","protected":false},"excerpt":{"rendered":"<p>Weinbau SchmidUnterthern 24A-3701 Heldenberg\/Weinviertel Landwirtschaft und Weinbau Tel\/Fax: +43-664-9978709e-mail: weinbau.schmid@gmx.at Betriebsnummer: 1774123Landwirtschaftskammer der Landes Nieder\u00f6sterreichDer Betrieb wird \u00fcber die AMA (Agrarmarkt Austria) kontrolliert Inhaber: Rainer SchmidWeinbau- und Kellermeister Meisterbetrieb, Meisterpr\u00fcfung abgelegt in \u00d6sterreich<\/p>\n","protected":false},"author":1,"featured_media":0,"parent":0,"menu_order":0,"comment_status":"closed","ping_status":"closed","template":"","meta":{"neve_meta_sidebar":"full-width","neve_meta_container":"","neve_meta_enable_content_width":"on","neve_meta_content_width":0,"neve_meta_title_alignment":"","neve_meta_author_avatar":"","neve_post_elements_order":"","neve_meta_disable_header":"","neve_meta_disable_footer":"","neve_meta_disable_title":"","_themeisle_gutenberg_block_has_review":false,"footnotes":""},"class_list":["post-149","page","type-page","status-publish","hentry"],"_links":{"self":[{"href":"https:\/\/www.drivewein.at\/home\/wp-json\/wp\/v2\/pages\/149","targetHints":{"allow":["GET"]}}],"collection":[{"href":"https:\/\/www.drivewein.at\/home\/wp-json\/wp\/v2\/pages"}],"about":[{"href":"https:\/\/www.drivewein.at\/home\/wp-json\/wp\/v2\/types\/page"}],"author":[{"embeddable":true,"href":"https:\/\/www.drivewein.at\/home\/wp-json\/wp\/v2\/users\/1"}],"replies":[{"embeddable":true,"href":"https:\/\/www.drivewein.at\/home\/wp-json\/wp\/v2\/comments?post=149"}],"version-history":[{"count":2,"href":"https:\/\/www.drivewein.at\/home\/wp-json\/wp\/v2\/pages\/149\/revisions"}],"predecessor-version":[{"id":172,"href":"https:\/\/www.drivewein.at\/home\/wp-json\/wp\/v2\/pages\/149\/revisions\/172"}],"wp:attachment":[{"href":"https:\/\/www.drivewein.at\/home\/wp-json\/wp\/v2\/media?parent=149"}],"curies":[{"name":"wp","href":"https:\/\/api.w.org\/{rel}","templated":true}]}}