
{"id":186,"date":"2020-05-23T12:45:23","date_gmt":"2020-05-23T10:45:23","guid":{"rendered":"https:\/\/www.drivewein.at\/home\/?page_id=186"},"modified":"2026-02-04T21:08:18","modified_gmt":"2026-02-04T20:08:18","slug":"uber-uns","status":"publish","type":"page","link":"https:\/\/www.drivewein.at\/home\/uber-uns\/","title":{"rendered":"\u00dcber uns"},"content":{"rendered":"<div class=\"wp-block-image\">\n<figure class=\"aligncenter size-large is-resized\"><img loading=\"lazy\" decoding=\"async\" width=\"1024\" height=\"206\" src=\"https:\/\/www.drivewein.at\/home\/wp-content\/uploads\/2020\/05\/WeinbauSchmid2-1024x206.jpg\" alt=\"\" class=\"wp-image-187\" style=\"width:1024px;height:206px\" srcset=\"https:\/\/www.drivewein.at\/home\/wp-content\/uploads\/2020\/05\/WeinbauSchmid2-1024x206.jpg 1024w, https:\/\/www.drivewein.at\/home\/wp-content\/uploads\/2020\/05\/WeinbauSchmid2-300x60.jpg 300w, https:\/\/www.drivewein.at\/home\/wp-content\/uploads\/2020\/05\/WeinbauSchmid2-768x154.jpg 768w, https:\/\/www.drivewein.at\/home\/wp-content\/uploads\/2020\/05\/WeinbauSchmid2-1536x309.jpg 1536w, https:\/\/www.drivewein.at\/home\/wp-content\/uploads\/2020\/05\/WeinbauSchmid2-2048x412.jpg 2048w\" sizes=\"auto, (max-width: 1024px) 100vw, 1024px\" \/><\/figure>\n<\/div>\n\n\n<p><\/p>\n\n\n\n<div class=\"wp-block-columns is-layout-flex wp-container-core-columns-is-layout-9d6595d7 wp-block-columns-is-layout-flex\">\n<div class=\"wp-block-column is-layout-flow wp-block-column-is-layout-flow\" style=\"flex-basis:33.33%\">\n<figure class=\"wp-block-image size-full\"><img loading=\"lazy\" decoding=\"async\" width=\"456\" height=\"596\" src=\"https:\/\/www.drivewein.at\/home\/wp-content\/uploads\/2026\/02\/IMG_20260204_100603.jpg\" alt=\"\" class=\"wp-image-623\" srcset=\"https:\/\/www.drivewein.at\/home\/wp-content\/uploads\/2026\/02\/IMG_20260204_100603.jpg 456w, https:\/\/www.drivewein.at\/home\/wp-content\/uploads\/2026\/02\/IMG_20260204_100603-230x300.jpg 230w\" sizes=\"auto, (max-width: 456px) 100vw, 456px\" \/><\/figure>\n<\/div>\n\n\n\n<div class=\"wp-block-column is-layout-flow wp-block-column-is-layout-flow\" style=\"flex-basis:66.66%\">\n<p><br><br>Hallo, mein Name ist Rainer Schmid. Ich f\u00fchre seit dem Jahr 2009 den Weinbaubetrieb meiner Familie, die bereits seit dem Jahr 1758 Wein produziert. Mein Betrieb hat in den 1970er Jahren mit der Produktion von Qualit\u00e4tsweinen begonnen.<\/p>\n<\/div>\n<\/div>\n\n\n\n<div class=\"wp-block-columns is-layout-flex wp-container-core-columns-is-layout-9d6595d7 wp-block-columns-is-layout-flex\">\n<div class=\"wp-block-column is-layout-flow wp-block-column-is-layout-flow\" style=\"flex-basis:66.66%\">\n<p><br><br>Der Gr\u00fcne Veltliner ist das Hauptprodukt meines Betriebes. Die Lage und die B\u00f6den (vorwiegend Lehm) bieten ideale Voraussetzungen f\u00fcr diese Sorte. Meine Weing\u00e4rten werden gro\u00dfteils von Hand gepflegt, und die Qualit\u00e4tskontrolle beginnt bei mir schon beim Setzen der Rebst\u00f6cke. Die Standards bei der Produktion von Qualit\u00e4tsweinen erfordern ein hohes Ma\u00df an Sorgf\u00e4ltigkeit bei der Verarbeitung der Trauben und des Traubenmost nach der Pressung. Die alkoholische G\u00e4rung findet dann unter kontrollierten Bedingungen statt. Dadurch entsteht ein hochwertiger Gr\u00fcner Veltliner.<br><br><br><br><\/p>\n<\/div>\n\n\n\n<div class=\"wp-block-column is-layout-flow wp-block-column-is-layout-flow\" style=\"flex-basis:33.33%\">\n<figure class=\"wp-block-image size-large\"><img loading=\"lazy\" decoding=\"async\" width=\"683\" height=\"1024\" src=\"https:\/\/www.drivewein.at\/home\/wp-content\/uploads\/2020\/05\/Weinlese07_20070916_1969b-683x1024.jpg\" alt=\"\" class=\"wp-image-195\" srcset=\"https:\/\/www.drivewein.at\/home\/wp-content\/uploads\/2020\/05\/Weinlese07_20070916_1969b-683x1024.jpg 683w, https:\/\/www.drivewein.at\/home\/wp-content\/uploads\/2020\/05\/Weinlese07_20070916_1969b-200x300.jpg 200w, https:\/\/www.drivewein.at\/home\/wp-content\/uploads\/2020\/05\/Weinlese07_20070916_1969b-768x1152.jpg 768w, https:\/\/www.drivewein.at\/home\/wp-content\/uploads\/2020\/05\/Weinlese07_20070916_1969b-1024x1536.jpg 1024w, https:\/\/www.drivewein.at\/home\/wp-content\/uploads\/2020\/05\/Weinlese07_20070916_1969b-1365x2048.jpg 1365w, https:\/\/www.drivewein.at\/home\/wp-content\/uploads\/2020\/05\/Weinlese07_20070916_1969b-scaled.jpg 1707w\" sizes=\"auto, (max-width: 683px) 100vw, 683px\" \/><\/figure>\n<\/div>\n<\/div>\n\n\n\n<div class=\"wp-block-columns is-layout-flex wp-container-core-columns-is-layout-9d6595d7 wp-block-columns-is-layout-flex\">\n<div class=\"wp-block-column is-layout-flow wp-block-column-is-layout-flow\" style=\"flex-basis:100%\">\n<div class=\"wp-block-columns are-vertically-aligned-top is-layout-flex wp-container-core-columns-is-layout-9d6595d7 wp-block-columns-is-layout-flex\">\n<div class=\"wp-block-column is-layout-flow wp-block-column-is-layout-flow\" style=\"flex-basis:33%\">\n<figure class=\"wp-block-image\"><img loading=\"lazy\" decoding=\"async\" width=\"768\" height=\"1024\" src=\"https:\/\/www.drivewein.at\/home\/wp-content\/uploads\/2026\/02\/IMG-20260203-WA0003-768x1024.jpg\" alt=\"\" class=\"wp-image-627\" srcset=\"https:\/\/www.drivewein.at\/home\/wp-content\/uploads\/2026\/02\/IMG-20260203-WA0003-768x1024.jpg 768w, https:\/\/www.drivewein.at\/home\/wp-content\/uploads\/2026\/02\/IMG-20260203-WA0003-225x300.jpg 225w, https:\/\/www.drivewein.at\/home\/wp-content\/uploads\/2026\/02\/IMG-20260203-WA0003-1152x1536.jpg 1152w, https:\/\/www.drivewein.at\/home\/wp-content\/uploads\/2026\/02\/IMG-20260203-WA0003.jpg 1536w\" sizes=\"auto, (max-width: 768px) 100vw, 768px\" \/><\/figure>\n<\/div>\n\n\n\n<div class=\"wp-block-column is-layout-flow wp-block-column-is-layout-flow\" style=\"flex-basis:67%\">\n<p><br><br>Unser Heurigen und Pr\u00e4sentationskeller hat f\u00fcr Sie laufend w\u00e4hrend des Jahres ge\u00f6ffnet. Die \u00d6ffnungszeiten entnehmen Sie unserem Veranstaltungskalender. Kosten Sie unsere Weine und nehmen Sie sich eine kleine Jause. Eine Gelegenheit zum gem\u00fctlichen Beisammensein und um ein paar Flascherl Wein zu kaufen. Wir freuen uns wenn Sie vorbeischauen! Gerne k\u00f6nnen Sie das Lokal auch f\u00fcr Ihre geschlossenen Veranstaltungen buchen (Geburtstage, Hochzeiten bzw. Feiern aller Art&#8230;).<\/p>\n<\/div>\n\n\n\n<div class=\"wp-block-column is-layout-flow wp-block-column-is-layout-flow\"><\/div>\n<\/div>\n\n\n\n<p>                     <br>                                              <\/p>\n<\/div>\n<\/div>\n\n\n\n<div class=\"wp-block-columns is-layout-flex wp-container-core-columns-is-layout-9d6595d7 wp-block-columns-is-layout-flex\">\n<div class=\"wp-block-column is-layout-flow wp-block-column-is-layout-flow\"><\/div>\n\n\n\n<div class=\"wp-block-column is-layout-flow wp-block-column-is-layout-flow\"><\/div>\n<\/div>\n\n\n\n<div class=\"wp-block-columns is-layout-flex wp-container-core-columns-is-layout-9d6595d7 wp-block-columns-is-layout-flex\">\n<div class=\"wp-block-column is-layout-flow wp-block-column-is-layout-flow\" style=\"flex-basis:33.33%\"><\/div>\n\n\n\n<div class=\"wp-block-column is-layout-flow wp-block-column-is-layout-flow\" style=\"flex-basis:66.66%\"><\/div>\n<\/div>\n\n\n\n<p><\/p>\n","protected":false},"excerpt":{"rendered":"<p>Hallo, mein Name ist Rainer Schmid. Ich f\u00fchre seit dem Jahr 2009 den Weinbaubetrieb meiner Familie, die bereits seit dem Jahr 1758 Wein produziert. Mein Betrieb hat in den 1970er Jahren mit der Produktion von Qualit\u00e4tsweinen begonnen. Der Gr\u00fcne Veltliner ist das Hauptprodukt meines Betriebes. Die Lage und die B\u00f6den (vorwiegend Lehm) bieten ideale Voraussetzungen&hellip;&nbsp;<a href=\"https:\/\/www.drivewein.at\/home\/uber-uns\/\" rel=\"bookmark\">Weiterlesen &raquo;<span class=\"screen-reader-text\">\u00dcber uns<\/span><\/a><\/p>\n","protected":false},"author":1,"featured_media":0,"parent":0,"menu_order":0,"comment_status":"closed","ping_status":"closed","template":"","meta":{"neve_meta_sidebar":"full-width","neve_meta_container":"","neve_meta_enable_content_width":"on","neve_meta_content_width":70,"neve_meta_title_alignment":"","neve_meta_author_avatar":"","neve_post_elements_order":"","neve_meta_disable_header":"","neve_meta_disable_footer":"","neve_meta_disable_title":"","_themeisle_gutenberg_block_has_review":false,"footnotes":""},"class_list":["post-186","page","type-page","status-publish","hentry"],"_links":{"self":[{"href":"https:\/\/www.drivewein.at\/home\/wp-json\/wp\/v2\/pages\/186","targetHints":{"allow":["GET"]}}],"collection":[{"href":"https:\/\/www.drivewein.at\/home\/wp-json\/wp\/v2\/pages"}],"about":[{"href":"https:\/\/www.drivewein.at\/home\/wp-json\/wp\/v2\/types\/page"}],"author":[{"embeddable":true,"href":"https:\/\/www.drivewein.at\/home\/wp-json\/wp\/v2\/users\/1"}],"replies":[{"embeddable":true,"href":"https:\/\/www.drivewein.at\/home\/wp-json\/wp\/v2\/comments?post=186"}],"version-history":[{"count":24,"href":"https:\/\/www.drivewein.at\/home\/wp-json\/wp\/v2\/pages\/186\/revisions"}],"predecessor-version":[{"id":647,"href":"https:\/\/www.drivewein.at\/home\/wp-json\/wp\/v2\/pages\/186\/revisions\/647"}],"wp:attachment":[{"href":"https:\/\/www.drivewein.at\/home\/wp-json\/wp\/v2\/media?parent=186"}],"curies":[{"name":"wp","href":"https:\/\/api.w.org\/{rel}","templated":true}]}}