
{"id":311,"date":"2020-06-29T16:01:57","date_gmt":"2020-06-29T14:01:57","guid":{"rendered":"https:\/\/www.drivewein.at\/home\/?page_id=311"},"modified":"2026-02-04T19:45:37","modified_gmt":"2026-02-04T18:45:37","slug":"pressematerial","status":"publish","type":"page","link":"https:\/\/www.drivewein.at\/home\/pressematerial\/","title":{"rendered":"Downloads"},"content":{"rendered":"\n<div id=\"wp-block-themeisle-blocks-advanced-columns-e4e5ba15\" class=\"wp-block-themeisle-blocks-advanced-columns has-2-columns has-desktop-oneTwo-layout has-tablet-equal-layout has-mobile-collapsedRows-layout has-vertical-unset has-default-gap\"><div class=\"wp-block-themeisle-blocks-advanced-columns-overlay\"><\/div><div class=\"innerblocks-wrap\">\n<div id=\"wp-block-themeisle-blocks-advanced-column-e9a63fa0\" class=\"wp-block-themeisle-blocks-advanced-column\">\n<figure class=\"wp-block-image size-full\"><img loading=\"lazy\" decoding=\"async\" width=\"928\" height=\"928\" src=\"https:\/\/www.drivewein.at\/home\/wp-content\/uploads\/2026\/02\/Logo-Schmid.jpg\" alt=\"\" class=\"wp-image-573\" srcset=\"https:\/\/www.drivewein.at\/home\/wp-content\/uploads\/2026\/02\/Logo-Schmid.jpg 928w, https:\/\/www.drivewein.at\/home\/wp-content\/uploads\/2026\/02\/Logo-Schmid-300x300.jpg 300w, https:\/\/www.drivewein.at\/home\/wp-content\/uploads\/2026\/02\/Logo-Schmid-150x150.jpg 150w, https:\/\/www.drivewein.at\/home\/wp-content\/uploads\/2026\/02\/Logo-Schmid-768x768.jpg 768w\" sizes=\"auto, (max-width: 928px) 100vw, 928px\" \/><\/figure>\n<\/div>\n\n\n\n<div id=\"wp-block-themeisle-blocks-advanced-column-16f21f2f\" class=\"wp-block-themeisle-blocks-advanced-column\">\n<h4 class=\"wp-block-heading\">Logo, Weinbau Schmid<\/h4>\n\n\n\n<p>Dateiformat: JPG<\/p>\n\n\n\n<div class=\"wp-block-file\"><a id=\"wp-block-file--media-72d337ea-27a3-4efc-80d4-a8cd56e2ed66\" href=\"https:\/\/www.drivewein.at\/home\/wp-content\/uploads\/2026\/02\/Logo-Schmid-1.jpg\">Logo Schmid<\/a><a href=\"https:\/\/www.drivewein.at\/home\/wp-content\/uploads\/2026\/02\/Logo-Schmid-1.jpg\" class=\"wp-block-file__button wp-element-button\" download aria-describedby=\"wp-block-file--media-72d337ea-27a3-4efc-80d4-a8cd56e2ed66\">Herunterladen<\/a><\/div>\n<\/div>\n<\/div><\/div>\n\n\n\n<div class=\"wp-block-columns is-layout-flex wp-container-core-columns-is-layout-9d6595d7 wp-block-columns-is-layout-flex\">\n<div class=\"wp-block-column is-layout-flow wp-block-column-is-layout-flow\" style=\"flex-basis:100%\">\n<div class=\"wp-block-columns is-layout-flex wp-container-core-columns-is-layout-9d6595d7 wp-block-columns-is-layout-flex\">\n<div class=\"wp-block-column is-layout-flow wp-block-column-is-layout-flow\" style=\"flex-basis:200px\"><div class=\"wp-block-image\">\n<figure class=\"alignleft size-full is-resized\"><img loading=\"lazy\" decoding=\"async\" width=\"200\" height=\"300\" src=\"https:\/\/www.drivewein.at\/home\/wp-content\/uploads\/2026\/02\/GruenerVeltliner_1000-200x300_hoch-1.png\" alt=\"\" class=\"wp-image-612\" style=\"width:234px;height:auto\"\/><\/figure>\n<\/div>\n\n<div class=\"wp-block-image\">\n<figure class=\"alignleft size-full is-resized\"><img loading=\"lazy\" decoding=\"async\" width=\"666\" height=\"1000\" src=\"https:\/\/www.drivewein.at\/home\/wp-content\/uploads\/2020\/04\/MuellerThurgau_1000.png\" alt=\"\" class=\"wp-image-57\" style=\"width:234px;height:auto\" srcset=\"https:\/\/www.drivewein.at\/home\/wp-content\/uploads\/2020\/04\/MuellerThurgau_1000.png 666w, https:\/\/www.drivewein.at\/home\/wp-content\/uploads\/2020\/04\/MuellerThurgau_1000-200x300.png 200w\" sizes=\"auto, (max-width: 666px) 100vw, 666px\" \/><\/figure>\n<\/div>\n\n<div class=\"wp-block-image\">\n<figure class=\"alignleft size-full is-resized\"><img loading=\"lazy\" decoding=\"async\" width=\"666\" height=\"1000\" src=\"https:\/\/www.drivewein.at\/home\/wp-content\/uploads\/2020\/04\/Donauriesling_1000.png\" alt=\"\" class=\"wp-image-55\" style=\"width:234px;height:auto\" srcset=\"https:\/\/www.drivewein.at\/home\/wp-content\/uploads\/2020\/04\/Donauriesling_1000.png 666w, https:\/\/www.drivewein.at\/home\/wp-content\/uploads\/2020\/04\/Donauriesling_1000-200x300.png 200w\" sizes=\"auto, (max-width: 666px) 100vw, 666px\" \/><\/figure>\n<\/div><\/div>\n\n\n\n<div class=\"wp-block-column is-layout-flow wp-block-column-is-layout-flow\">\n<p class=\"has-text-align-left\"><br><br>Weinviertel DAC 2025<br>fruchtig, w\u00fcrzig, pfeffrig<br>12,5 alc., 6,4 SRE, trocken, 4,3g RZ<br><br>Der Klassiker auf unserem Betrieb! Mit 50% Anbauteil der gesamten Rebfl\u00e4che geh\u00f6rt er zu unserer Hauptsorte. Seine goldschimmernde Farbe und der sehr w\u00fcrzige Geschmack sind typisch f\u00fcr das Weinviertel. Ein super &#8222;Pfefferl&#8220; und einen langen Abgang verspricht dieser regionale Wein. Passend zur Jause und deftigen Speisen!&nbsp;&nbsp;&nbsp;&nbsp;&nbsp;&nbsp;&nbsp;&nbsp;&nbsp;&nbsp;&nbsp;&nbsp;&nbsp;&nbsp;&nbsp;&nbsp;&nbsp;&nbsp;&nbsp;&nbsp;&nbsp;&nbsp;&nbsp;&nbsp;&nbsp;&nbsp;&nbsp;<\/p>\n\n\n\n<p class=\"has-text-align-left\"><br>M\u00fcller Thurgau 2025<br>frisch, s\u00fcffig, feinfruchtig<br>12,5 alc., 6,3 SRE, trocken, 3,9g RZ<br><br>Mit schillernder zitronengelber Farbe, extrem milder S\u00e4ure und einem lebhaften Bukett ist er der passende Begleiter zum festlichen Mahl. Delikat und anmutend zugleich wird er gerne auch zum Schluss als sogenannter &#8222;Dr\u00fcberstrahrer&#8220; getrunken. Ein Wein der super zum Fisch passt!&nbsp;&nbsp;&nbsp;&nbsp;&nbsp;&nbsp;&nbsp;&nbsp;&nbsp;&nbsp;&nbsp;&nbsp;&nbsp;&nbsp;&nbsp;&nbsp;&nbsp;&nbsp;&nbsp;&nbsp;&nbsp;&nbsp;&nbsp;&nbsp;&nbsp;&nbsp;<\/p>\n\n\n\n<p class=\"has-text-align-left\"><br><\/p>\n\n\n\n<p class=\"has-text-align-left\">Donauriesling 2025<br>leicht, elegant, feinduftig <br>12,0 alc., 6,7 SRE, trocken, 6,6g RZ<br><br>Der edle Begleiter in unserem Sortiment! Leicht und locker ausgebaut, einzigartig und mit einer tollen Riesling-Charakteristik. Ein Wein zum Verlieben!\u00a0\u00a0\u00a0\u00a0\u00a0\u00a0\u00a0\u00a0\u00a0\u00a0\u00a0\u00a0\u00a0\u00a0\u00a0\u00a0\u00a0\u00a0\u00a0\u00a0\u00a0\u00a0\u00a0\u00a0\u00a0<\/p>\n\n\n\n<p><\/p>\n<\/div>\n<\/div>\n<\/div>\n<\/div>\n\n\n\n<div class=\"wp-block-columns is-layout-flex wp-container-core-columns-is-layout-9d6595d7 wp-block-columns-is-layout-flex\">\n<div class=\"wp-block-column is-layout-flow wp-block-column-is-layout-flow\"><\/div>\n<\/div>\n\n\n\n<div class=\"wp-block-columns is-layout-flex wp-container-core-columns-is-layout-9d6595d7 wp-block-columns-is-layout-flex\">\n<div class=\"wp-block-column is-layout-flow wp-block-column-is-layout-flow\">\n<div data-wp-interactive=\"core\/file\" class=\"wp-block-file\"><object data-wp-bind--hidden=\"!state.hasPdfPreview\" hidden class=\"wp-block-file__embed\" data=\"https:\/\/www.drivewein.at\/home\/wp-content\/uploads\/2026\/02\/Weinbeschreibung-2026-mit-Preis-ab-Hof-2.pdf\" type=\"application\/pdf\" style=\"width:100%;height:200px\" aria-label=\"Einbettung von Weinbeschreibung 2026 mit Preis ab Hof.\"><\/object><a id=\"wp-block-file--media-8396b1a9-8d75-4b77-ac15-9ad5019d137f\" href=\"https:\/\/www.drivewein.at\/home\/wp-content\/uploads\/2026\/02\/Weinbeschreibung-2026-mit-Preis-ab-Hof-2.pdf\">Weinbeschreibung 2026 mit Preis ab Hof<\/a><a href=\"https:\/\/www.drivewein.at\/home\/wp-content\/uploads\/2026\/02\/Weinbeschreibung-2026-mit-Preis-ab-Hof-2.pdf\" class=\"wp-block-file__button wp-element-button\" download aria-describedby=\"wp-block-file--media-8396b1a9-8d75-4b77-ac15-9ad5019d137f\">Herunterladen<\/a><\/div>\n<\/div>\n<\/div>\n\n\n\n<div class=\"wp-block-columns is-layout-flex wp-container-core-columns-is-layout-9d6595d7 wp-block-columns-is-layout-flex\">\n<div class=\"wp-block-column is-layout-flow wp-block-column-is-layout-flow\" style=\"flex-basis:33.33%\">\n<figure class=\"wp-block-image size-large\"><img loading=\"lazy\" decoding=\"async\" width=\"682\" height=\"1024\" src=\"https:\/\/www.drivewein.at\/home\/wp-content\/uploads\/2020\/06\/GruenerVeltlinerTraube-682x1024.jpg\" alt=\"\" class=\"wp-image-323\" srcset=\"https:\/\/www.drivewein.at\/home\/wp-content\/uploads\/2020\/06\/GruenerVeltlinerTraube-682x1024.jpg 682w, https:\/\/www.drivewein.at\/home\/wp-content\/uploads\/2020\/06\/GruenerVeltlinerTraube-200x300.jpg 200w, https:\/\/www.drivewein.at\/home\/wp-content\/uploads\/2020\/06\/GruenerVeltlinerTraube-768x1153.jpg 768w, https:\/\/www.drivewein.at\/home\/wp-content\/uploads\/2020\/06\/GruenerVeltlinerTraube-1023x1536.jpg 1023w, https:\/\/www.drivewein.at\/home\/wp-content\/uploads\/2020\/06\/GruenerVeltlinerTraube-1364x2048.jpg 1364w, https:\/\/www.drivewein.at\/home\/wp-content\/uploads\/2020\/06\/GruenerVeltlinerTraube-scaled.jpg 1705w\" sizes=\"auto, (max-width: 682px) 100vw, 682px\" \/><\/figure>\n<\/div>\n\n\n\n<div class=\"wp-block-column is-layout-flow wp-block-column-is-layout-flow\" style=\"flex-basis:66.66%\">\n<h4 class=\"wp-block-heading\">Gr\u00fcner Veltliner (Traube)<\/h4>\n\n\n\n<p>Dateiformat: JPG<\/p>\n\n\n\n<p>Dateigr\u00f6\u00dfe: 5,6MB<br>Bildgr\u00f6\u00dfe: 2314x3474px<br>Farbraum: RGB<br>Farbprofil: sRGB IEC61966-2.1<\/p>\n\n\n\n<div class=\"wp-block-file\"><a href=\"https:\/\/www.drivewein.at\/home\/wp-content\/uploads\/2020\/06\/GruenerVeltlinerTraube.jpg\">GruenerVeltlinerTraube<\/a><a href=\"https:\/\/www.drivewein.at\/home\/wp-content\/uploads\/2020\/06\/GruenerVeltlinerTraube.jpg\" class=\"wp-block-file__button\" download=\"\">Herunterladen<\/a><\/div>\n<\/div>\n<\/div>\n\n\n\n<p><\/p>\n","protected":false},"excerpt":{"rendered":"<p>Weinviertel DAC 2025fruchtig, w\u00fcrzig, pfeffrig12,5 alc., 6,4 SRE, trocken, 4,3g RZ Der Klassiker auf unserem Betrieb! Mit 50% Anbauteil der gesamten Rebfl\u00e4che geh\u00f6rt er zu unserer Hauptsorte. Seine goldschimmernde Farbe und der sehr w\u00fcrzige Geschmack sind typisch f\u00fcr das Weinviertel. Ein super &#8222;Pfefferl&#8220; und einen langen Abgang verspricht dieser regionale Wein. Passend zur Jause und&hellip;&nbsp;<a href=\"https:\/\/www.drivewein.at\/home\/pressematerial\/\" rel=\"bookmark\">Weiterlesen &raquo;<span class=\"screen-reader-text\">Downloads<\/span><\/a><\/p>\n","protected":false},"author":1,"featured_media":0,"parent":0,"menu_order":0,"comment_status":"closed","ping_status":"closed","template":"","meta":{"neve_meta_sidebar":"full-width","neve_meta_container":"","neve_meta_enable_content_width":"on","neve_meta_content_width":70,"neve_meta_title_alignment":"","neve_meta_author_avatar":"","neve_post_elements_order":"","neve_meta_disable_header":"","neve_meta_disable_footer":"","neve_meta_disable_title":"","_themeisle_gutenberg_block_has_review":false,"footnotes":""},"class_list":["post-311","page","type-page","status-publish","hentry"],"_links":{"self":[{"href":"https:\/\/www.drivewein.at\/home\/wp-json\/wp\/v2\/pages\/311","targetHints":{"allow":["GET"]}}],"collection":[{"href":"https:\/\/www.drivewein.at\/home\/wp-json\/wp\/v2\/pages"}],"about":[{"href":"https:\/\/www.drivewein.at\/home\/wp-json\/wp\/v2\/types\/page"}],"author":[{"embeddable":true,"href":"https:\/\/www.drivewein.at\/home\/wp-json\/wp\/v2\/users\/1"}],"replies":[{"embeddable":true,"href":"https:\/\/www.drivewein.at\/home\/wp-json\/wp\/v2\/comments?post=311"}],"version-history":[{"count":24,"href":"https:\/\/www.drivewein.at\/home\/wp-json\/wp\/v2\/pages\/311\/revisions"}],"predecessor-version":[{"id":622,"href":"https:\/\/www.drivewein.at\/home\/wp-json\/wp\/v2\/pages\/311\/revisions\/622"}],"wp:attachment":[{"href":"https:\/\/www.drivewein.at\/home\/wp-json\/wp\/v2\/media?parent=311"}],"curies":[{"name":"wp","href":"https:\/\/api.w.org\/{rel}","templated":true}]}}